{"id":58,"date":"2017-04-10T07:53:35","date_gmt":"2017-04-10T07:53:35","guid":{"rendered":"http:\/\/restaurant-troepfli.ch\/?page_id=58"},"modified":"2021-11-03T22:00:14","modified_gmt":"2021-11-03T22:00:14","slug":"uber-uns","status":"publish","type":"page","link":"https:\/\/restaurant-troepfli.ch\/?page_id=58","title":{"rendered":"\u00dcBER UNS"},"content":{"rendered":"<p>\t\t\t\t<img loading=\"lazy\" src=\"http:\/\/restaurant-troepfli.ch\/wp-content\/uploads\/2017\/04\/4.jpg\" alt=\"4\" itemprop=\"image\" height=\"1080\" width=\"1921\" title=\"4\" onerror=\"this.style.display='none'\"  \/><br \/>\n\t\t\t\t<img loading=\"lazy\" src=\"http:\/\/restaurant-troepfli.ch\/wp-content\/uploads\/2017\/04\/5.jpg\" alt=\"5\" itemprop=\"image\" height=\"1080\" width=\"1921\" title=\"5\" onerror=\"this.style.display='none'\"  \/><br \/>\n\t\t\t\t<img loading=\"lazy\" src=\"http:\/\/restaurant-troepfli.ch\/wp-content\/uploads\/2017\/04\/6.jpg\" alt=\"6\" itemprop=\"image\" height=\"1080\" width=\"1921\" title=\"6\" onerror=\"this.style.display='none'\"  \/><\/p>\n<h1>\u00dcBER UNS<\/h1>\n<p><p>Das Restaurant Tr\u00f6pfli in R\u00fcmlang wird seit 2016 von der Wirt Ljubisa Radenkovic mit viel Herzblut betrieben.\u00a0 Mit seinen 50 Sitzpl\u00e4tzen im Innen- und 40 Sitzpl\u00e4tzen im Aussenbereich gilt das Restaurant als klein aber fein und besticht durch seine famili\u00e4re, unkomplizierte und herzliche Atmosph\u00e4re.<\/p>\n<p>Das Wohl unserer G\u00e4ste liegt uns sehr am Herzen, dabei legen wir viel Wert auf die Gastfreundschaft sowie einen schnellen und freundlichen Service.\u00a0 Bei uns sind alle immer herzlich willkommen\u00a0 egal ob zum Kaffee, Mittagessen, Ap\u00e9ro, Feierabend-Bier.<\/p>\n","protected":false},"excerpt":{"rendered":"<p>\u00dcBER UNS Das Restaurant Tr\u00f6pfli in R\u00fcmlang wird seit 2016 von der Wirt Ljubisa Radenkovic mit viel Herzblut betrieben.\u00a0 Mit seinen 50 Sitzpl\u00e4tzen im Innen- und 40 Sitzpl\u00e4tzen im Aussenbereich gilt das Restaurant als klein aber fein und besticht durch seine famili\u00e4re, unkomplizierte und herzliche Atmosph\u00e4re. Das Wohl unserer G\u00e4ste liegt uns sehr am Herzen,&#8230;<\/p>\n","protected":false},"author":1,"featured_media":0,"parent":0,"menu_order":0,"comment_status":"closed","ping_status":"closed","template":"full-width-page.php","meta":[],"_links":{"self":[{"href":"https:\/\/restaurant-troepfli.ch\/index.php?rest_route=\/wp\/v2\/pages\/58"}],"collection":[{"href":"https:\/\/restaurant-troepfli.ch\/index.php?rest_route=\/wp\/v2\/pages"}],"about":[{"href":"https:\/\/restaurant-troepfli.ch\/index.php?rest_route=\/wp\/v2\/types\/page"}],"author":[{"embeddable":true,"href":"https:\/\/restaurant-troepfli.ch\/index.php?rest_route=\/wp\/v2\/users\/1"}],"replies":[{"embeddable":true,"href":"https:\/\/restaurant-troepfli.ch\/index.php?rest_route=%2Fwp%2Fv2%2Fcomments&post=58"}],"version-history":[{"count":8,"href":"https:\/\/restaurant-troepfli.ch\/index.php?rest_route=\/wp\/v2\/pages\/58\/revisions"}],"predecessor-version":[{"id":311,"href":"https:\/\/restaurant-troepfli.ch\/index.php?rest_route=\/wp\/v2\/pages\/58\/revisions\/311"}],"wp:attachment":[{"href":"https:\/\/restaurant-troepfli.ch\/index.php?rest_route=%2Fwp%2Fv2%2Fmedia&parent=58"}],"curies":[{"name":"wp","href":"https:\/\/api.w.org\/{rel}","templated":true}]}}