{"id":64,"date":"2017-04-10T07:54:57","date_gmt":"2017-04-10T07:54:57","guid":{"rendered":"http:\/\/restaurant-troepfli.ch\/?page_id=64"},"modified":"2026-01-26T21:16:04","modified_gmt":"2026-01-26T21:16:04","slug":"home","status":"publish","type":"page","link":"https:\/\/restaurant-troepfli.ch\/","title":{"rendered":"HOME"},"content":{"rendered":"\n\n\t\n\t\t\t<!-- START Troepfli REVOLUTION SLIDER 6.6.2 --><p class=\"rs-p-wp-fix\"><\/p>\n\t\t\t<rs-module-wrap id=\"rev_slider_1_1_wrapper\" data-source=\"gallery\" style=\"visibility:hidden;background:transparent;padding:0;margin:0px auto;margin-top:0;margin-bottom:0;\">\n\t\t\t\t<rs-module id=\"rev_slider_1_1\" style=\"\" data-version=\"6.6.2\">\n\t\t\t\t\t<rs-slides style=\"overflow: hidden; position: absolute;\">\n\t\t\t\t\t\t<rs-slide style=\"position: absolute;\" data-key=\"rs-9\" data-title=\"Slide\" data-thumb=\"\/\/restaurant-troepfli.ch\/wp-content\/uploads\/2017\/04\/Chickenwithwine-100x50.jpg\" data-duration=\"5500\" data-in=\"o:1;x:100%;\" data-out=\"a:false;\">\n\t\t\t\t\t\t\t<img src=\"\/\/restaurant-troepfli.ch\/wp-content\/plugins\/revslider\/public\/assets\/assets\/dummy.png\" alt=\"\" title=\"HOME\" class=\"rev-slidebg tp-rs-img rs-lazyload\" data-lazyload=\"\/\/restaurant-troepfli.ch\/wp-content\/uploads\/2017\/04\/Chickenwithwine.jpg\" data-no-retina>\n<!--\n\t\t\t\t\t\t\t--><rs-layer\n\t\t\t\t\t\t\t\tid=\"slider-1-slide-9-layer-2\" \n\t\t\t\t\t\t\t\tdata-type=\"text\"\n\t\t\t\t\t\t\t\tdata-color=\"#ffffff\"\n\t\t\t\t\t\t\t\tdata-rsp_ch=\"on\"\n\t\t\t\t\t\t\t\tdata-xy=\"x:c;xo:-1px;y:c;yo:-115px;\"\n\t\t\t\t\t\t\t\tdata-text=\"s:70;l:50;fw:700;a:inherit;\"\n\t\t\t\t\t\t\t\tdata-dim=\"w:682px;h:68px;\"\n\t\t\t\t\t\t\t\tdata-frame_0=\"x:-100%;o:1;\"\n\t\t\t\t\t\t\t\tdata-frame_0_mask=\"u:t;\"\n\t\t\t\t\t\t\t\tdata-frame_1=\"st:2430;sp:1000;sR:2430;\"\n\t\t\t\t\t\t\t\tdata-frame_1_mask=\"u:t;\"\n\t\t\t\t\t\t\t\tdata-frame_999=\"o:0;st:5300;sp:1000;sR:1870;\"\n\t\t\t\t\t\t\t\tstyle=\"z-index:5;font-family:'Open Sans';\"\n\t\t\t\t\t\t\t>Troepfli Restaurant \n\t\t\t\t\t\t\t<\/rs-layer><!--\n\n\t\t\t\t\t\t\t--><rs-layer\n\t\t\t\t\t\t\t\tid=\"slider-1-slide-9-layer-3\" \n\t\t\t\t\t\t\t\tclass=\"News-Title\"\n\t\t\t\t\t\t\t\tdata-type=\"text\"\n\t\t\t\t\t\t\t\tdata-color=\"#ffffff\"\n\t\t\t\t\t\t\t\tdata-rsp_ch=\"on\"\n\t\t\t\t\t\t\t\tdata-xy=\"x:c;y:374px;\"\n\t\t\t\t\t\t\t\tdata-text=\"s:60;l:50;a:inherit;\"\n\t\t\t\t\t\t\t\tdata-frame_0=\"x:-100%;o:1;\"\n\t\t\t\t\t\t\t\tdata-frame_0_mask=\"u:t;\"\n\t\t\t\t\t\t\t\tdata-frame_1=\"st:2920;sp:1000;sR:2920;\"\n\t\t\t\t\t\t\t\tdata-frame_1_mask=\"u:t;\"\n\t\t\t\t\t\t\t\tdata-frame_999=\"o:0;st:5300;sp:1000;sR:1380;\"\n\t\t\t\t\t\t\t\tstyle=\"z-index:6;font-family:'Open Sans';\"\n\t\t\t\t\t\t\t>\nGrill-Restaurant  \n\t\t\t\t\t\t\t<\/rs-layer><!--\n-->\t\t\t\t\t\t<\/rs-slide>\n\t\t\t\t\t\t<rs-slide style=\"position: absolute;\" data-key=\"rs-6\" data-title=\"Slide\" data-thumb=\"\/\/restaurant-troepfli.ch\/wp-content\/uploads\/2017\/05\/Garden-1-100x50.jpg\" data-duration=\"5500\" data-in=\"x:100%;\">\n\t\t\t\t\t\t\t<img src=\"\/\/restaurant-troepfli.ch\/wp-content\/plugins\/revslider\/public\/assets\/assets\/dummy.png\" alt=\"\" title=\"HOME\" class=\"rev-slidebg tp-rs-img rs-lazyload\" data-lazyload=\"\/\/restaurant-troepfli.ch\/wp-content\/uploads\/2017\/05\/Garden-1.jpg\" data-no-retina>\n<!--\n\t\t\t\t\t\t\t--><rs-layer\n\t\t\t\t\t\t\t\tid=\"slider-1-slide-6-layer-2\" \n\t\t\t\t\t\t\t\tdata-type=\"text\"\n\t\t\t\t\t\t\t\tdata-color=\"#ffffff\"\n\t\t\t\t\t\t\t\tdata-rsp_ch=\"on\"\n\t\t\t\t\t\t\t\tdata-xy=\"x:c;y:c;yo:-115px;\"\n\t\t\t\t\t\t\t\tdata-text=\"s:70;l:50;fw:700;a:inherit;\"\n\t\t\t\t\t\t\t\tdata-dim=\"w:530px;h:69px;\"\n\t\t\t\t\t\t\t\tdata-frame_0=\"x:-100%;o:1;tp:600;\"\n\t\t\t\t\t\t\t\tdata-frame_0_mask=\"u:t;\"\n\t\t\t\t\t\t\t\tdata-frame_1=\"tp:600;st:2430;sp:1000;sR:2430;\"\n\t\t\t\t\t\t\t\tdata-frame_1_mask=\"u:t;\"\n\t\t\t\t\t\t\t\tdata-frame_999=\"o:0;tp:600;st:5300;sp:1000;sR:1870;\"\n\t\t\t\t\t\t\t\tstyle=\"z-index:5;font-family:'Open Sans';\"\n\t\t\t\t\t\t\t>Sommergarten\n \n\t\t\t\t\t\t\t<\/rs-layer><!--\n\n\t\t\t\t\t\t\t--><rs-layer\n\t\t\t\t\t\t\t\tid=\"slider-1-slide-6-layer-3\" \n\t\t\t\t\t\t\t\tclass=\"News-Title\"\n\t\t\t\t\t\t\t\tdata-type=\"text\"\n\t\t\t\t\t\t\t\tdata-color=\"#ffffff\"\n\t\t\t\t\t\t\t\tdata-rsp_ch=\"on\"\n\t\t\t\t\t\t\t\tdata-xy=\"x:c;y:374px;\"\n\t\t\t\t\t\t\t\tdata-text=\"s:60;l:50;a:inherit;\"\n\t\t\t\t\t\t\t\tdata-frame_0=\"x:-100%;o:1;tp:600;\"\n\t\t\t\t\t\t\t\tdata-frame_0_mask=\"u:t;\"\n\t\t\t\t\t\t\t\tdata-frame_1=\"tp:600;st:2920;sp:1000;sR:2920;\"\n\t\t\t\t\t\t\t\tdata-frame_1_mask=\"u:t;\"\n\t\t\t\t\t\t\t\tdata-frame_999=\"o:0;tp:600;st:5300;sp:1000;sR:1380;\"\n\t\t\t\t\t\t\t\tstyle=\"z-index:6;font-family:'Open Sans';\"\n\t\t\t\t\t\t\t>Willkommen \n\t\t\t\t\t\t\t<\/rs-layer><!--\n-->\t\t\t\t\t\t<\/rs-slide>\n\t\t\t\t\t\t<rs-slide style=\"position: absolute;\" data-key=\"rs-7\" data-title=\"Slide\" data-thumb=\"\/\/restaurant-troepfli.ch\/wp-content\/uploads\/2017\/05\/Interior-100x50.jpg\" data-duration=\"5500\" data-in=\"x:100%;\">\n\t\t\t\t\t\t\t<img src=\"\/\/restaurant-troepfli.ch\/wp-content\/plugins\/revslider\/public\/assets\/assets\/dummy.png\" alt=\"\" title=\"HOME\" class=\"rev-slidebg tp-rs-img rs-lazyload\" data-lazyload=\"\/\/restaurant-troepfli.ch\/wp-content\/uploads\/2017\/05\/Interior.jpg\" data-no-retina>\n<!--\n\t\t\t\t\t\t\t--><rs-layer\n\t\t\t\t\t\t\t\tid=\"slider-1-slide-7-layer-2\" \n\t\t\t\t\t\t\t\tdata-type=\"text\"\n\t\t\t\t\t\t\t\tdata-color=\"#ffffff\"\n\t\t\t\t\t\t\t\tdata-rsp_ch=\"on\"\n\t\t\t\t\t\t\t\tdata-xy=\"x:c;xo:-27px;y:c;yo:-116px;\"\n\t\t\t\t\t\t\t\tdata-text=\"s:70;l:50;fw:700;a:inherit;\"\n\t\t\t\t\t\t\t\tdata-dim=\"w:686px;h:64px;\"\n\t\t\t\t\t\t\t\tdata-frame_0=\"x:-100%;o:1;tp:600;\"\n\t\t\t\t\t\t\t\tdata-frame_0_mask=\"u:t;\"\n\t\t\t\t\t\t\t\tdata-frame_1=\"tp:600;st:2430;sp:1000;sR:2430;\"\n\t\t\t\t\t\t\t\tdata-frame_1_mask=\"u:t;\"\n\t\t\t\t\t\t\t\tdata-frame_999=\"o:0;tp:600;st:5300;sp:1000;sR:1870;\"\n\t\t\t\t\t\t\t\tstyle=\"z-index:5;font-family:'Open Sans';\"\n\t\t\t\t\t\t\t>Troepfli Restaurant\n \n\t\t\t\t\t\t\t<\/rs-layer><!--\n\n\t\t\t\t\t\t\t--><rs-layer\n\t\t\t\t\t\t\t\tid=\"slider-1-slide-7-layer-3\" \n\t\t\t\t\t\t\t\tclass=\"News-Title\"\n\t\t\t\t\t\t\t\tdata-type=\"text\"\n\t\t\t\t\t\t\t\tdata-color=\"#ffffff\"\n\t\t\t\t\t\t\t\tdata-rsp_ch=\"on\"\n\t\t\t\t\t\t\t\tdata-xy=\"x:c;y:374px;\"\n\t\t\t\t\t\t\t\tdata-text=\"s:60;l:50;a:inherit;\"\n\t\t\t\t\t\t\t\tdata-frame_0=\"x:-100%;o:1;tp:600;\"\n\t\t\t\t\t\t\t\tdata-frame_0_mask=\"u:t;\"\n\t\t\t\t\t\t\t\tdata-frame_1=\"tp:600;st:2920;sp:1000;sR:2920;\"\n\t\t\t\t\t\t\t\tdata-frame_1_mask=\"u:t;\"\n\t\t\t\t\t\t\t\tdata-frame_999=\"o:0;tp:600;st:5300;sp:1000;sR:1380;\"\n\t\t\t\t\t\t\t\tstyle=\"z-index:6;font-family:'Open Sans';\"\n\t\t\t\t\t\t\t>Willkommen \n\t\t\t\t\t\t\t<\/rs-layer><!--\n-->\t\t\t\t\t\t<\/rs-slide>\n\t\t\t\t\t\t<rs-slide style=\"position: absolute;\" data-key=\"rs-8\" data-title=\"Slide\" data-thumb=\"\/\/restaurant-troepfli.ch\/wp-content\/uploads\/2017\/05\/Entrance-100x50.jpg\" data-duration=\"5500\" data-in=\"x:100%;\">\n\t\t\t\t\t\t\t<img src=\"\/\/restaurant-troepfli.ch\/wp-content\/plugins\/revslider\/public\/assets\/assets\/dummy.png\" alt=\"\" title=\"HOME\" class=\"rev-slidebg tp-rs-img rs-lazyload\" data-lazyload=\"\/\/restaurant-troepfli.ch\/wp-content\/uploads\/2017\/05\/Entrance.jpg\" data-no-retina>\n<!--\n\t\t\t\t\t\t\t--><rs-layer\n\t\t\t\t\t\t\t\tid=\"slider-1-slide-8-layer-2\" \n\t\t\t\t\t\t\t\tdata-type=\"text\"\n\t\t\t\t\t\t\t\tdata-color=\"#ffffff\"\n\t\t\t\t\t\t\t\tdata-rsp_ch=\"on\"\n\t\t\t\t\t\t\t\tdata-xy=\"x:c;xo:-27px;y:c;yo:-116px;\"\n\t\t\t\t\t\t\t\tdata-text=\"s:70;l:50;fw:700;a:inherit;\"\n\t\t\t\t\t\t\t\tdata-dim=\"w:686px;h:64px;\"\n\t\t\t\t\t\t\t\tdata-frame_0=\"x:-100%;o:1;tp:600;\"\n\t\t\t\t\t\t\t\tdata-frame_0_mask=\"u:t;\"\n\t\t\t\t\t\t\t\tdata-frame_1=\"tp:600;st:2430;sp:1000;sR:2430;\"\n\t\t\t\t\t\t\t\tdata-frame_1_mask=\"u:t;\"\n\t\t\t\t\t\t\t\tdata-frame_999=\"o:0;tp:600;st:5300;sp:1000;sR:1870;\"\n\t\t\t\t\t\t\t\tstyle=\"z-index:5;font-family:'Open Sans';\"\n\t\t\t\t\t\t\t>Troepfli Restaurant\n \n\t\t\t\t\t\t\t<\/rs-layer><!--\n\n\t\t\t\t\t\t\t--><rs-layer\n\t\t\t\t\t\t\t\tid=\"slider-1-slide-8-layer-3\" \n\t\t\t\t\t\t\t\tclass=\"News-Title\"\n\t\t\t\t\t\t\t\tdata-type=\"text\"\n\t\t\t\t\t\t\t\tdata-color=\"#ffffff\"\n\t\t\t\t\t\t\t\tdata-rsp_ch=\"on\"\n\t\t\t\t\t\t\t\tdata-xy=\"x:c;y:374px;\"\n\t\t\t\t\t\t\t\tdata-text=\"s:60;l:50;a:inherit;\"\n\t\t\t\t\t\t\t\tdata-frame_0=\"x:-100%;o:1;tp:600;\"\n\t\t\t\t\t\t\t\tdata-frame_0_mask=\"u:t;\"\n\t\t\t\t\t\t\t\tdata-frame_1=\"tp:600;st:2920;sp:1000;sR:2920;\"\n\t\t\t\t\t\t\t\tdata-frame_1_mask=\"u:t;\"\n\t\t\t\t\t\t\t\tdata-frame_999=\"o:0;tp:600;st:5300;sp:1000;sR:1380;\"\n\t\t\t\t\t\t\t\tstyle=\"z-index:6;font-family:'Open Sans';\"\n\t\t\t\t\t\t\t>Willkommen \n\t\t\t\t\t\t\t<\/rs-layer><!--\n-->\t\t\t\t\t\t<\/rs-slide>\n\t\t\t\t\t\t<rs-slide style=\"position: absolute;\" data-key=\"rs-3\" data-title=\"Slide\" data-thumb=\"\/\/restaurant-troepfli.ch\/wp-content\/uploads\/2017\/04\/20160707_091946-100x50.jpg\" data-in=\"x:100%;\">\n\t\t\t\t\t\t\t<img src=\"\/\/restaurant-troepfli.ch\/wp-content\/plugins\/revslider\/public\/assets\/assets\/dummy.png\" alt=\"\" title=\"HOME\" class=\"rev-slidebg tp-rs-img rs-lazyload\" data-lazyload=\"\/\/restaurant-troepfli.ch\/wp-content\/uploads\/2017\/04\/20160707_091946.jpg\" data-no-retina>\n<!---->\t\t\t\t\t\t<\/rs-slide>\n\t\t\t\t\t<\/rs-slides>\n\t\t\t\t<\/rs-module>\n\t\t\t\t<script>\n\t\t\t\t\tsetREVStartSize({c: 'rev_slider_1_1',rl:[1240,1024,778,480],el:[800],gw:[1240],gh:[800],type:'standard',justify:'',layout:'fullwidth',mh:\"0\"});if (window.RS_MODULES!==undefined && window.RS_MODULES.modules!==undefined && window.RS_MODULES.modules[\"revslider11\"]!==undefined) {window.RS_MODULES.modules[\"revslider11\"].once = false;window.revapi1 = undefined;if (window.RS_MODULES.checkMinimal!==undefined) window.RS_MODULES.checkMinimal()}\n\t\t\t\t<\/script>\n\t\t\t<\/rs-module-wrap>\n\t\t\t<!-- END REVOLUTION SLIDER -->\n\n\t<h1>Herzlich Willkommen<\/h1>\n\t\t\t\t<img src=\"http:\/\/restaurant-troepfli.ch\/wp-content\/uploads\/2017\/04\/bohr-restaurant111.jpg\" alt=\"bohr-restaurant111\" itemprop=\"image\" title=\"bohr-restaurant111\" onerror=\"this.style.display='none'\"  \/>\n\t<h1>\u00dcBER UNS<\/h1>\n\t<p>Das Restaurant Tr\u00f6pfli in R\u00fcmlang wird seit 2016 von der Wirt Ljubisa Radenkovic mit viel Herzblut betrieben.\u00a0 Mit seinen 50 Sitzpl\u00e4tzen im Innen- und 40 Sitzpl\u00e4tzen im Aussenbereich gilt das Restaurant als klein aber fein und besticht durch seine famili\u00e4re, unkomplizierte und herzliche Atmosph\u00e4re.<\/p>\n<p>Das Wohl unserer G\u00e4ste liegt uns sehr am Herzen, dabei legen wir viel Wert auf die Gastfreundschaft sowie einen schnellen und freundlichen Service.\u00a0 Bei uns sind alle immer herzlich willkommen\u00a0 egal ob zum Kaffee, Mittagessen, Ap\u00e9ro, Feierabend-Bier.<\/p>\n\t<a href=\"https:\/\/restaurantguru.com\/Restaurant-Tropfli-Rumlang-2\" target=\"_blank\" rel=\"noopener\"><img src=\"http:\/\/restaurant-troepfli.ch\/wp-content\/uploads\/2026\/01\/rg25.png\" width=\"200px\" float=\"left\"\/><\/a>\n<a href=\"https:\/\/restaurantguru.com\/Restaurant-Tropfli-Rumlang-2\" target=\"_blank\" rel=\"noopener\"><img src=\"http:\/\/restaurant-troepfli.ch\/wp-content\/uploads\/2026\/01\/20260126_205624.jpg\" width=\"150px\" float=\"left\"\/><\/a>\n<h1>\n\t\tPARTY SERVICE &#038; CATERING\n\t<\/h1>\n\t\t\t\t<img src=\"http:\/\/restaurant-troepfli.ch\/wp-content\/uploads\/2024\/10\/IMG-609a1dd4bb3d9f6b716cc23e0ad0d52d-V.jpg\" alt=\"IMG-609a1dd4bb3d9f6b716cc23e0ad0d52d-V\" itemprop=\"image\" title=\"IMG-609a1dd4bb3d9f6b716cc23e0ad0d52d-V\" onerror=\"this.style.display='none'\"  \/>\n\tNo posts found.\n\t\t\t\t<img src=\"http:\/\/restaurant-troepfli.ch\/wp-content\/uploads\/2017\/04\/coworth-park-restaurant-coworth-park-sunday-lunch-feast.jpg\" alt=\"coworth-park-restaurant-coworth-park-sunday-lunch-feast\" itemprop=\"image\" title=\"coworth-park-restaurant-coworth-park-sunday-lunch-feast\" onerror=\"this.style.display='none'\"  \/>\n\t<h1>Kontakt<\/h1>\n Katzenr\u00fctistrasse 44, <br \/>\n8153 R\u00fcmlang\n<p>&nbsp;<\/p>\nTelefon : 044 557 57 77<br \/>\nMobile : 076 243 44 77\u00a0\n<p>&nbsp;<\/p>\n<p>info@restaurant-troepfli.ch<\/p>\n\t<h1><em>\u00d6ffnugszeiten:<\/em><\/h1>\n<p>&nbsp;<\/p>\n<p>&nbsp;<\/p>\n<p> <strong>SA<\/strong> und <strong>SO<\/strong> von 11:00 bis 21:00 Uhr<\/p>\n<p><strong>DI<\/strong> , <strong>MI<\/strong> , <strong>DO<\/strong> und<strong> FR<\/strong> von 9:00 bis 21:00 Uhr<\/p>\n\n\t<h1><em>Anfart:<\/em><\/h1>\n\n\t<iframe src=\"https:\/\/www.google.com\/maps\/embed?pb=!1m18!1m12!1m3!1d2698.1358318995567!2d8.52238261586768!3d47.448291606893434!2m3!1f0!2f0!3f0!3m2!1i1024!2i768!4f13.1!3m3!1m2!1s0x4790752ce91dd07b%3A0xb158593022d17835!2sKatzenr%C3%BCtistrasse%2044%2C%208153%20R%C3%BCmlang%2C%20Schweiz!5e0!3m2!1sde!2srs!4v1662531517708!5m2!1sde!2srs\" width=\"600\" height=\"450\" allowfullscreen=\"\" loading=\"lazy\" referrerpolicy=\"no-referrer-when-downgrade\"><\/iframe>\n\n","protected":false},"excerpt":{"rendered":"<p>Herzlich Willkommen \u00dcBER UNS Das Restaurant Tr\u00f6pfli in R\u00fcmlang wird seit 2016 von der Wirt Ljubisa Radenkovic mit viel Herzblut betrieben.\u00a0 Mit seinen 50 Sitzpl\u00e4tzen im Innen- und 40 Sitzpl\u00e4tzen im Aussenbereich gilt das Restaurant als klein aber fein und besticht durch seine famili\u00e4re, unkomplizierte und herzliche Atmosph\u00e4re. Das Wohl unserer G\u00e4ste liegt uns sehr&#8230;<\/p>\n","protected":false},"author":1,"featured_media":0,"parent":0,"menu_order":0,"comment_status":"closed","ping_status":"closed","template":"full-width-page.php","meta":[],"_links":{"self":[{"href":"https:\/\/restaurant-troepfli.ch\/index.php?rest_route=\/wp\/v2\/pages\/64"}],"collection":[{"href":"https:\/\/restaurant-troepfli.ch\/index.php?rest_route=\/wp\/v2\/pages"}],"about":[{"href":"https:\/\/restaurant-troepfli.ch\/index.php?rest_route=\/wp\/v2\/types\/page"}],"author":[{"embeddable":true,"href":"https:\/\/restaurant-troepfli.ch\/index.php?rest_route=\/wp\/v2\/users\/1"}],"replies":[{"embeddable":true,"href":"https:\/\/restaurant-troepfli.ch\/index.php?rest_route=%2Fwp%2Fv2%2Fcomments&post=64"}],"version-history":[{"count":37,"href":"https:\/\/restaurant-troepfli.ch\/index.php?rest_route=\/wp\/v2\/pages\/64\/revisions"}],"predecessor-version":[{"id":360,"href":"https:\/\/restaurant-troepfli.ch\/index.php?rest_route=\/wp\/v2\/pages\/64\/revisions\/360"}],"wp:attachment":[{"href":"https:\/\/restaurant-troepfli.ch\/index.php?rest_route=%2Fwp%2Fv2%2Fmedia&parent=64"}],"curies":[{"name":"wp","href":"https:\/\/api.w.org\/{rel}","templated":true}]}}